{"id":372,"date":"2024-04-12T09:36:55","date_gmt":"2024-04-12T09:36:55","guid":{"rendered":"https:\/\/weedmadridguide.com\/?page_id=372"},"modified":"2024-04-17T10:08:17","modified_gmt":"2024-04-17T10:08:17","slug":"blog","status":"publish","type":"page","link":"https:\/\/weedmadridguide.com\/es\/blog\/","title":{"rendered":"Blog"},"content":{"rendered":"<div data-elementor-type=\"wp-page\" data-elementor-id=\"372\" class=\"elementor elementor-372\" data-elementor-post-type=\"page\">\n\t\t\t\t<div class=\"elementor-element elementor-element-79599d5 e-flex e-con-boxed e-con e-parent\" data-id=\"79599d5\" data-element_type=\"container\" data-settings=\"{&quot;background_background&quot;:&quot;classic&quot;}\">\n\t\t\t\t\t<div class=\"e-con-inner\">\n\t\t\t\t<div class=\"elementor-element elementor-element-9780d43 elementor-widget elementor-widget-heading\" data-id=\"9780d43\" data-element_type=\"widget\" data-widget_type=\"heading.default\">\n\t\t\t\t<div class=\"elementor-widget-container\">\n\t\t\t<h2 class=\"elementor-heading-title elementor-size-default\">WEED MADRID BLOG<\/h2>\t\t<\/div>\n\t\t\t\t<\/div>\n\t\t\t\t\t<\/div>\n\t\t\t\t<\/div>\n\t\t<div class=\"elementor-element elementor-element-51d3697 e-flex e-con-boxed e-con e-parent\" data-id=\"51d3697\" data-element_type=\"container\">\n\t\t\t\t\t<div class=\"e-con-inner\">\n\t\t\t\t<div class=\"elementor-element elementor-element-68a4039 elementor-widget elementor-widget-html\" data-id=\"68a4039\" data-element_type=\"widget\" data-widget_type=\"html.default\">\n\t\t\t\t<div class=\"elementor-widget-container\">\n\t\t\t<style>\n    .elementor-posts-container.elementor-has-item-ratio .elementor-post__thumbnail.elementor-fit-height img {\n    height: 100%;\n    width: auto;\n    height: 100% !important;\n}\n<\/style>\t\t<\/div>\n\t\t\t\t<\/div>\n\t\t\t\t<div class=\"elementor-element elementor-element-19f2283 elementor-grid-3 elementor-grid-tablet-2 elementor-grid-mobile-1 elementor-posts--thumbnail-top load-more-align-center elementor-widget elementor-widget-posts\" data-id=\"19f2283\" data-element_type=\"widget\" data-settings=\"{&quot;pagination_type&quot;:&quot;load_more_on_click&quot;,&quot;classic_columns&quot;:&quot;3&quot;,&quot;classic_columns_tablet&quot;:&quot;2&quot;,&quot;classic_columns_mobile&quot;:&quot;1&quot;,&quot;classic_row_gap&quot;:{&quot;unit&quot;:&quot;px&quot;,&quot;size&quot;:35,&quot;sizes&quot;:[]},&quot;classic_row_gap_tablet&quot;:{&quot;unit&quot;:&quot;px&quot;,&quot;size&quot;:&quot;&quot;,&quot;sizes&quot;:[]},&quot;classic_row_gap_mobile&quot;:{&quot;unit&quot;:&quot;px&quot;,&quot;size&quot;:&quot;&quot;,&quot;sizes&quot;:[]},&quot;load_more_spinner&quot;:{&quot;value&quot;:&quot;fas fa-spinner&quot;,&quot;library&quot;:&quot;fa-solid&quot;}}\" data-widget_type=\"posts.classic\">\n\t\t\t\t<div class=\"elementor-widget-container\">\n\t\t\t\t\t<div class=\"elementor-posts-container elementor-posts elementor-posts--skin-classic elementor-grid\">\n\t\t\t\t<article class=\"elementor-post elementor-grid-item post-828 post type-post status-publish format-standard has-post-thumbnail hentry category-blog entry\">\n\t\t\t\t<a class=\"elementor-post__thumbnail__link\" href=\"https:\/\/weedmadridguide.com\/es\/blog\/el-futuro-del-cannabis-biotecnologia-adn-y-tecnologia-3d\/\" tabindex=\"-1\" >\n\t\t\t<div class=\"elementor-post__thumbnail\"><img fetchpriority=\"high\" decoding=\"async\" width=\"356\" height=\"200\" src=\"https:\/\/weedmadridguide.com\/wp-content\/uploads\/2025\/12\/5295687-azul-digital-holograma-de-folha-de-canhamo-com-formulas-quimicas-de-canabinoides-naturais-e-aneis-digitais-em-quarto-escuro-vetor.jpg\" class=\"attachment-full size-full wp-image-829\" alt=\"\" style=\"width:100%;height:56.18%;max-width:356px\" srcset=\"https:\/\/weedmadridguide.com\/wp-content\/uploads\/2025\/12\/5295687-azul-digital-holograma-de-folha-de-canhamo-com-formulas-quimicas-de-canabinoides-naturais-e-aneis-digitais-em-quarto-escuro-vetor.jpg 356w, https:\/\/weedmadridguide.com\/wp-content\/uploads\/2025\/12\/5295687-azul-digital-holograma-de-folha-de-canhamo-com-formulas-quimicas-de-canabinoides-naturais-e-aneis-digitais-em-quarto-escuro-vetor-300x169.jpg 300w, https:\/\/weedmadridguide.com\/wp-content\/uploads\/2025\/12\/5295687-azul-digital-holograma-de-folha-de-canhamo-com-formulas-quimicas-de-canabinoides-naturais-e-aneis-digitais-em-quarto-escuro-vetor-18x10.jpg 18w\" sizes=\"(max-width: 356px) 100vw, 356px\" \/><\/div>\n\t\t<\/a>\n\t\t\t\t<div class=\"elementor-post__text\">\n\t\t\t\t<h3 class=\"elementor-post__title\">\n\t\t\t<a href=\"https:\/\/weedmadridguide.com\/es\/blog\/el-futuro-del-cannabis-biotecnologia-adn-y-tecnologia-3d\/\" >\n\t\t\t\tEl Futuro del Cannabis: Biotecnolog\u00eda, ADN y Tecnolog\u00eda 3D\t\t\t<\/a>\n\t\t<\/h3>\n\t\t\t\t<div class=\"elementor-post__meta-data\">\n\t\t\t\t\t<span class=\"elementor-post-date\">\n\t\t\tdiciembre 4, 2025\t\t<\/span>\n\t\t\t\t<span class=\"elementor-post-avatar\">\n\t\t\tNo hay comentarios\t\t<\/span>\n\t\t\t\t<\/div>\n\t\t\t\t<div class=\"elementor-post__excerpt\">\n\t\t\t<p>Una planta milenaria que mira hacia el ma\u00f1ana El cannabis, conocido por su uso ancestral en la medicina, la espiritualidad y la recreaci\u00f3n, est\u00e1 viviendo una transformaci\u00f3n sin precedentes. Gracias a los avances en biotecnolog\u00eda, gen\u00e9tica y tecnolog\u00edas de impresi\u00f3n<\/p>\n\t\t<\/div>\n\t\t\n\t\t<a class=\"elementor-post__read-more\" href=\"https:\/\/weedmadridguide.com\/es\/blog\/el-futuro-del-cannabis-biotecnologia-adn-y-tecnologia-3d\/\" aria-label=\"Read more about El Futuro del Cannabis: Biotecnolog\u00eda, ADN y Tecnolog\u00eda 3D\" tabindex=\"-1\" >\n\t\t\tRead More \u00bb\t\t<\/a>\n\n\t\t\t\t<\/div>\n\t\t\t\t<\/article>\n\t\t\t\t<article class=\"elementor-post elementor-grid-item post-823 post type-post status-publish format-standard has-post-thumbnail hentry category-blog entry\">\n\t\t\t\t<a class=\"elementor-post__thumbnail__link\" href=\"https:\/\/weedmadridguide.com\/es\/blog\/urbanismo-verde-como-las-ciudades-estan-redisenando-el-acceso-al-cannabis\/\" tabindex=\"-1\" >\n\t\t\t<div class=\"elementor-post__thumbnail\"><img decoding=\"async\" width=\"687\" height=\"458\" src=\"https:\/\/weedmadridguide.com\/wp-content\/uploads\/2025\/11\/Bud_Flo_ALL_01.webp\" class=\"attachment-full size-full wp-image-824\" alt=\"\" style=\"width:100%;height:66.67%;max-width:687px\" srcset=\"https:\/\/weedmadridguide.com\/wp-content\/uploads\/2025\/11\/Bud_Flo_ALL_01.webp 687w, https:\/\/weedmadridguide.com\/wp-content\/uploads\/2025\/11\/Bud_Flo_ALL_01-300x200.webp 300w, https:\/\/weedmadridguide.com\/wp-content\/uploads\/2025\/11\/Bud_Flo_ALL_01-18x12.webp 18w\" sizes=\"(max-width: 687px) 100vw, 687px\" \/><\/div>\n\t\t<\/a>\n\t\t\t\t<div class=\"elementor-post__text\">\n\t\t\t\t<h3 class=\"elementor-post__title\">\n\t\t\t<a href=\"https:\/\/weedmadridguide.com\/es\/blog\/urbanismo-verde-como-las-ciudades-estan-redisenando-el-acceso-al-cannabis\/\" >\n\t\t\t\tUrbanismo Verde: C\u00f3mo las Ciudades Est\u00e1n Redise\u00f1ando el Acceso al Cannabis\t\t\t<\/a>\n\t\t<\/h3>\n\t\t\t\t<div class=\"elementor-post__meta-data\">\n\t\t\t\t\t<span class=\"elementor-post-date\">\n\t\t\tnoviembre 27, 2025\t\t<\/span>\n\t\t\t\t<span class=\"elementor-post-avatar\">\n\t\t\tNo hay comentarios\t\t<\/span>\n\t\t\t\t<\/div>\n\t\t\t\t<div class=\"elementor-post__excerpt\">\n\t\t\t<p>En la intersecci\u00f3n entre arquitectura, pol\u00edtica, ecolog\u00eda y cultura urbana, el cannabis se convierte en un s\u00edmbolo de transformaci\u00f3n. Las ciudades del siglo XXI ya no solo se dise\u00f1an para coches, cemento y consumo. Ahora, se est\u00e1n repensando para incluir<\/p>\n\t\t<\/div>\n\t\t\n\t\t<a class=\"elementor-post__read-more\" href=\"https:\/\/weedmadridguide.com\/es\/blog\/urbanismo-verde-como-las-ciudades-estan-redisenando-el-acceso-al-cannabis\/\" aria-label=\"Read more about Urbanismo Verde: C\u00f3mo las Ciudades Est\u00e1n Redise\u00f1ando el Acceso al Cannabis\" tabindex=\"-1\" >\n\t\t\tRead More \u00bb\t\t<\/a>\n\n\t\t\t\t<\/div>\n\t\t\t\t<\/article>\n\t\t\t\t<article class=\"elementor-post elementor-grid-item post-819 post type-post status-publish format-standard has-post-thumbnail hentry category-blog entry\">\n\t\t\t\t<a class=\"elementor-post__thumbnail__link\" href=\"https:\/\/weedmadridguide.com\/es\/blog\/el-usuario-contemporaneo-de-cannabis-una-mentalidad-mas-madura-curiosa-y-conectada-con-su-entorno\/\" tabindex=\"-1\" >\n\t\t\t<div class=\"elementor-post__thumbnail\"><img decoding=\"async\" width=\"1024\" height=\"512\" src=\"https:\/\/weedmadridguide.com\/wp-content\/uploads\/2025\/11\/GP-septiembre-2019-14.png\" class=\"attachment-full size-full wp-image-820\" alt=\"\" style=\"width:100%;height:50%;max-width:1024px\" srcset=\"https:\/\/weedmadridguide.com\/wp-content\/uploads\/2025\/11\/GP-septiembre-2019-14.png 1024w, https:\/\/weedmadridguide.com\/wp-content\/uploads\/2025\/11\/GP-septiembre-2019-14-300x150.png 300w, https:\/\/weedmadridguide.com\/wp-content\/uploads\/2025\/11\/GP-septiembre-2019-14-768x384.png 768w, https:\/\/weedmadridguide.com\/wp-content\/uploads\/2025\/11\/GP-septiembre-2019-14-18x9.png 18w\" sizes=\"(max-width: 1024px) 100vw, 1024px\" \/><\/div>\n\t\t<\/a>\n\t\t\t\t<div class=\"elementor-post__text\">\n\t\t\t\t<h3 class=\"elementor-post__title\">\n\t\t\t<a href=\"https:\/\/weedmadridguide.com\/es\/blog\/el-usuario-contemporaneo-de-cannabis-una-mentalidad-mas-madura-curiosa-y-conectada-con-su-entorno\/\" >\n\t\t\t\tEl usuario contempor\u00e1neo de cannabis: una mentalidad m\u00e1s madura, curiosa y conectada con su entorno\t\t\t<\/a>\n\t\t<\/h3>\n\t\t\t\t<div class=\"elementor-post__meta-data\">\n\t\t\t\t\t<span class=\"elementor-post-date\">\n\t\t\tnoviembre 20, 2025\t\t<\/span>\n\t\t\t\t<span class=\"elementor-post-avatar\">\n\t\t\tNo hay comentarios\t\t<\/span>\n\t\t\t\t<\/div>\n\t\t\t\t<div class=\"elementor-post__excerpt\">\n\t\t\t<p>Introducci\u00f3n: una transformaci\u00f3n silenciosa pero profunda En los \u00faltimos a\u00f1os, el consumo de cannabis en Espa\u00f1a ha dejado de ser una pr\u00e1ctica guiada por la improvisaci\u00f3n para convertirse en una experiencia mucho m\u00e1s consciente. La nueva generaci\u00f3n de usuarios se<\/p>\n\t\t<\/div>\n\t\t\n\t\t<a class=\"elementor-post__read-more\" href=\"https:\/\/weedmadridguide.com\/es\/blog\/el-usuario-contemporaneo-de-cannabis-una-mentalidad-mas-madura-curiosa-y-conectada-con-su-entorno\/\" aria-label=\"Read more about El usuario contempor\u00e1neo de cannabis: una mentalidad m\u00e1s madura, curiosa y conectada con su entorno\" tabindex=\"-1\" >\n\t\t\tRead More \u00bb\t\t<\/a>\n\n\t\t\t\t<\/div>\n\t\t\t\t<\/article>\n\t\t\t\t<article class=\"elementor-post elementor-grid-item post-815 post type-post status-publish format-standard has-post-thumbnail hentry category-blog entry\">\n\t\t\t\t<a class=\"elementor-post__thumbnail__link\" href=\"https:\/\/weedmadridguide.com\/es\/blog\/explorando-los-clubes-de-cannabis-en-espana-experiencia-leyes-y-curiosidades\/\" tabindex=\"-1\" >\n\t\t\t<div class=\"elementor-post__thumbnail\"><img loading=\"lazy\" decoding=\"async\" width=\"1344\" height=\"768\" src=\"https:\/\/weedmadridguide.com\/wp-content\/uploads\/2025\/11\/Social-Cannabis-Club-in-Madrid.jpg\" class=\"attachment-full size-full wp-image-816\" alt=\"\" style=\"width:100%;height:57.14%;max-width:1344px\" srcset=\"https:\/\/weedmadridguide.com\/wp-content\/uploads\/2025\/11\/Social-Cannabis-Club-in-Madrid.jpg 1344w, https:\/\/weedmadridguide.com\/wp-content\/uploads\/2025\/11\/Social-Cannabis-Club-in-Madrid-300x171.jpg 300w, https:\/\/weedmadridguide.com\/wp-content\/uploads\/2025\/11\/Social-Cannabis-Club-in-Madrid-1024x585.jpg 1024w, https:\/\/weedmadridguide.com\/wp-content\/uploads\/2025\/11\/Social-Cannabis-Club-in-Madrid-768x439.jpg 768w, https:\/\/weedmadridguide.com\/wp-content\/uploads\/2025\/11\/Social-Cannabis-Club-in-Madrid-18x10.jpg 18w\" sizes=\"(max-width: 1344px) 100vw, 1344px\" \/><\/div>\n\t\t<\/a>\n\t\t\t\t<div class=\"elementor-post__text\">\n\t\t\t\t<h3 class=\"elementor-post__title\">\n\t\t\t<a href=\"https:\/\/weedmadridguide.com\/es\/blog\/explorando-los-clubes-de-cannabis-en-espana-experiencia-leyes-y-curiosidades\/\" >\n\t\t\t\tExplorando los Clubes de Cannabis en Espa\u00f1a \u2013 Experiencia, Leyes y Curiosidades\t\t\t<\/a>\n\t\t<\/h3>\n\t\t\t\t<div class=\"elementor-post__meta-data\">\n\t\t\t\t\t<span class=\"elementor-post-date\">\n\t\t\tnoviembre 13, 2025\t\t<\/span>\n\t\t\t\t<span class=\"elementor-post-avatar\">\n\t\t\tNo hay comentarios\t\t<\/span>\n\t\t\t\t<\/div>\n\t\t\t\t<div class=\"elementor-post__excerpt\">\n\t\t\t<p>Introducci\u00f3n: Un viaje al coraz\u00f3n de la cultura can\u00e1bica espa\u00f1ola Espa\u00f1a se ha convertido en uno de los destinos m\u00e1s interesantes para los amantes del cannabis en Europa. No por una legalizaci\u00f3n total, sino por la existencia de un modelo<\/p>\n\t\t<\/div>\n\t\t\n\t\t<a class=\"elementor-post__read-more\" href=\"https:\/\/weedmadridguide.com\/es\/blog\/explorando-los-clubes-de-cannabis-en-espana-experiencia-leyes-y-curiosidades\/\" aria-label=\"Read more about Explorando los Clubes de Cannabis en Espa\u00f1a \u2013 Experiencia, Leyes y Curiosidades\" tabindex=\"-1\" >\n\t\t\tRead More \u00bb\t\t<\/a>\n\n\t\t\t\t<\/div>\n\t\t\t\t<\/article>\n\t\t\t\t<article class=\"elementor-post elementor-grid-item post-811 post type-post status-publish format-standard has-post-thumbnail hentry category-blog entry\">\n\t\t\t\t<a class=\"elementor-post__thumbnail__link\" href=\"https:\/\/weedmadridguide.com\/es\/blog\/fotosintesis-del-alma\/\" tabindex=\"-1\" >\n\t\t\t<div class=\"elementor-post__thumbnail\"><img loading=\"lazy\" decoding=\"async\" width=\"900\" height=\"506\" src=\"https:\/\/weedmadridguide.com\/wp-content\/uploads\/2025\/11\/Fotografia-de-plantas-de-cannabis-de-varias-cores-diferentes.jpeg\" class=\"attachment-full size-full wp-image-812\" alt=\"\" style=\"width:100%;height:56.22%;max-width:900px\" srcset=\"https:\/\/weedmadridguide.com\/wp-content\/uploads\/2025\/11\/Fotografia-de-plantas-de-cannabis-de-varias-cores-diferentes.jpeg 900w, https:\/\/weedmadridguide.com\/wp-content\/uploads\/2025\/11\/Fotografia-de-plantas-de-cannabis-de-varias-cores-diferentes-300x169.jpeg 300w, https:\/\/weedmadridguide.com\/wp-content\/uploads\/2025\/11\/Fotografia-de-plantas-de-cannabis-de-varias-cores-diferentes-768x432.jpeg 768w, https:\/\/weedmadridguide.com\/wp-content\/uploads\/2025\/11\/Fotografia-de-plantas-de-cannabis-de-varias-cores-diferentes-18x10.jpeg 18w\" sizes=\"(max-width: 900px) 100vw, 900px\" \/><\/div>\n\t\t<\/a>\n\t\t\t\t<div class=\"elementor-post__text\">\n\t\t\t\t<h3 class=\"elementor-post__title\">\n\t\t\t<a href=\"https:\/\/weedmadridguide.com\/es\/blog\/fotosintesis-del-alma\/\" >\n\t\t\t\tFotos\u00edntesis del Alma\t\t\t<\/a>\n\t\t<\/h3>\n\t\t\t\t<div class=\"elementor-post__meta-data\">\n\t\t\t\t\t<span class=\"elementor-post-date\">\n\t\t\tnoviembre 6, 2025\t\t<\/span>\n\t\t\t\t<span class=\"elementor-post-avatar\">\n\t\t\tNo hay comentarios\t\t<\/span>\n\t\t\t\t<\/div>\n\t\t\t\t<div class=\"elementor-post__excerpt\">\n\t\t\t<p>La luz que nutre por dentro As\u00ed como las plantas transforman la luz en vida, el ser humano puede transformar la experiencia en conciencia. Esa es la fotos\u00edntesis del alma: el proceso invisible por el cual la energ\u00eda del sol,<\/p>\n\t\t<\/div>\n\t\t\n\t\t<a class=\"elementor-post__read-more\" href=\"https:\/\/weedmadridguide.com\/es\/blog\/fotosintesis-del-alma\/\" aria-label=\"Read more about Fotos\u00edntesis del Alma\" tabindex=\"-1\" >\n\t\t\tRead More \u00bb\t\t<\/a>\n\n\t\t\t\t<\/div>\n\t\t\t\t<\/article>\n\t\t\t\t<article class=\"elementor-post elementor-grid-item post-806 post type-post status-publish format-standard has-post-thumbnail hentry category-blog entry\">\n\t\t\t\t<a class=\"elementor-post__thumbnail__link\" href=\"https:\/\/weedmadridguide.com\/es\/blog\/inversiones-en-la-industria-canabica-espanola-oportunidades-y-desafios\/\" tabindex=\"-1\" >\n\t\t\t<div class=\"elementor-post__thumbnail\"><img loading=\"lazy\" decoding=\"async\" width=\"300\" height=\"168\" src=\"https:\/\/weedmadridguide.com\/wp-content\/uploads\/2025\/10\/images-1.jpeg\" class=\"attachment-full size-full wp-image-807\" alt=\"\" style=\"width:100%;height:56%;max-width:300px\" srcset=\"https:\/\/weedmadridguide.com\/wp-content\/uploads\/2025\/10\/images-1.jpeg 300w, https:\/\/weedmadridguide.com\/wp-content\/uploads\/2025\/10\/images-1-18x10.jpeg 18w\" sizes=\"(max-width: 300px) 100vw, 300px\" \/><\/div>\n\t\t<\/a>\n\t\t\t\t<div class=\"elementor-post__text\">\n\t\t\t\t<h3 class=\"elementor-post__title\">\n\t\t\t<a href=\"https:\/\/weedmadridguide.com\/es\/blog\/inversiones-en-la-industria-canabica-espanola-oportunidades-y-desafios\/\" >\n\t\t\t\tInversiones en la Industria Can\u00e1bica Espa\u00f1ola: Oportunidades y Desaf\u00edos\t\t\t<\/a>\n\t\t<\/h3>\n\t\t\t\t<div class=\"elementor-post__meta-data\">\n\t\t\t\t\t<span class=\"elementor-post-date\">\n\t\t\toctubre 30, 2025\t\t<\/span>\n\t\t\t\t<span class=\"elementor-post-avatar\">\n\t\t\tNo hay comentarios\t\t<\/span>\n\t\t\t\t<\/div>\n\t\t\t\t<div class=\"elementor-post__excerpt\">\n\t\t\t<p>La industria del cannabis en Espa\u00f1a est\u00e1 en plena transformaci\u00f3n. Con el avance de la legalizaci\u00f3n en Europa y el creciente inter\u00e9s internacional, el pa\u00eds se perfila como un mercado prometedor para inversores, emprendedores y empresas emergentes.Sin embargo, el sector<\/p>\n\t\t<\/div>\n\t\t\n\t\t<a class=\"elementor-post__read-more\" href=\"https:\/\/weedmadridguide.com\/es\/blog\/inversiones-en-la-industria-canabica-espanola-oportunidades-y-desafios\/\" aria-label=\"Read more about Inversiones en la Industria Can\u00e1bica Espa\u00f1ola: Oportunidades y Desaf\u00edos\" tabindex=\"-1\" >\n\t\t\tRead More \u00bb\t\t<\/a>\n\n\t\t\t\t<\/div>\n\t\t\t\t<\/article>\n\t\t\t\t<\/div>\n\t\t\t\t\t<span class=\"e-load-more-spinner\">\n\t\t\t\t<i aria-hidden=\"true\" class=\"fas fa-spinner\"><\/i>\t\t\t<\/span>\n\t\t\n\t\t\t\t<div class=\"e-load-more-anchor\" data-page=\"1\" data-max-page=\"13\" data-next-page=\"https:\/\/weedmadridguide.com\/es\/wp-json\/wp\/v2\/pages\/372\/page\/2\/\"><\/div>\n\t\t\t\t<div class=\"elementor-button-wrapper\">\n\t\t\t<a href=\"#\" class=\"elementor-button-link elementor-button\" role=\"button\">\n\t\t\t\t\t\t<span class=\"elementor-button-content-wrapper\">\n\t\t\t\t\t\t\t\t\t<span class=\"elementor-button-text\">Load More<\/span>\n\t\t\t\t\t<\/span>\n\t\t\t\t\t<\/a>\n\t\t<\/div>\n\t\t\t\t<div class=\"e-load-more-message\"><\/div>\n\t\t\t\t<\/div>\n\t\t\t\t<\/div>\n\t\t\t\t\t<\/div>\n\t\t\t\t<\/div>\n\t\t\t\t<\/div>","protected":false},"excerpt":{"rendered":"<p>WEED MADRID BLOG<\/p>","protected":false},"author":1,"featured_media":0,"parent":0,"menu_order":0,"comment_status":"closed","ping_status":"closed","template":"elementor_header_footer","meta":{"footnotes":""},"class_list":["post-372","page","type-page","status-publish","hentry","entry"],"yoast_head":"<!-- This site is optimized with the Yoast SEO plugin v24.0 - https:\/\/yoast.com\/wordpress\/plugins\/seo\/ -->\n<title>Blog - Weed Madrid Guide<\/title>\n<meta name=\"robots\" content=\"index, follow, max-snippet:-1, max-image-preview:large, max-video-preview:-1\" \/>\n<link rel=\"canonical\" href=\"https:\/\/weedmadridguide.com\/es\/blog\/\" \/>\n<meta property=\"og:locale\" content=\"es_ES\" \/>\n<meta property=\"og:type\" content=\"article\" \/>\n<meta property=\"og:title\" content=\"Blog - Weed Madrid Guide\" \/>\n<meta property=\"og:description\" content=\"WEED MADRID BLOG\" \/>\n<meta property=\"og:url\" content=\"https:\/\/weedmadridguide.com\/es\/blog\/\" \/>\n<meta property=\"og:site_name\" content=\"Weed Madrid Guide\" \/>\n<meta property=\"article:modified_time\" content=\"2024-04-17T10:08:17+00:00\" \/>\n<meta name=\"twitter:card\" content=\"summary_large_image\" \/>\n<meta name=\"twitter:label1\" content=\"Tiempo de lectura\" \/>\n\t<meta name=\"twitter:data1\" content=\"1 minuto\" \/>\n<script type=\"application\/ld+json\" class=\"yoast-schema-graph\">{\"@context\":\"https:\/\/schema.org\",\"@graph\":[{\"@type\":\"WebPage\",\"@id\":\"https:\/\/weedmadridguide.com\/blog\/\",\"url\":\"https:\/\/weedmadridguide.com\/blog\/\",\"name\":\"Blog - Weed Madrid Guide\",\"isPartOf\":{\"@id\":\"https:\/\/weedmadridguide.com\/#website\"},\"datePublished\":\"2024-04-12T09:36:55+00:00\",\"dateModified\":\"2024-04-17T10:08:17+00:00\",\"breadcrumb\":{\"@id\":\"https:\/\/weedmadridguide.com\/blog\/#breadcrumb\"},\"inLanguage\":\"es\",\"potentialAction\":[{\"@type\":\"ReadAction\",\"target\":[\"https:\/\/weedmadridguide.com\/blog\/\"]}]},{\"@type\":\"BreadcrumbList\",\"@id\":\"https:\/\/weedmadridguide.com\/blog\/#breadcrumb\",\"itemListElement\":[{\"@type\":\"ListItem\",\"position\":1,\"name\":\"Home\",\"item\":\"https:\/\/weedmadridguide.com\/\"},{\"@type\":\"ListItem\",\"position\":2,\"name\":\"Blog\"}]},{\"@type\":\"WebSite\",\"@id\":\"https:\/\/weedmadridguide.com\/#website\",\"url\":\"https:\/\/weedmadridguide.com\/\",\"name\":\"Weed Madrid Guide\",\"description\":\"\",\"publisher\":{\"@id\":\"https:\/\/weedmadridguide.com\/#organization\"},\"potentialAction\":[{\"@type\":\"SearchAction\",\"target\":{\"@type\":\"EntryPoint\",\"urlTemplate\":\"https:\/\/weedmadridguide.com\/?s={search_term_string}\"},\"query-input\":{\"@type\":\"PropertyValueSpecification\",\"valueRequired\":true,\"valueName\":\"search_term_string\"}}],\"inLanguage\":\"es\"},{\"@type\":\"Organization\",\"@id\":\"https:\/\/weedmadridguide.com\/#organization\",\"name\":\"Weed Madrid Guide\",\"url\":\"https:\/\/weedmadridguide.com\/\",\"logo\":{\"@type\":\"ImageObject\",\"inLanguage\":\"es\",\"@id\":\"https:\/\/weedmadridguide.com\/#\/schema\/logo\/image\/\",\"url\":\"https:\/\/weedmadridguide.com\/wp-content\/uploads\/2023\/12\/logo_weed_madrid.jpg\",\"contentUrl\":\"https:\/\/weedmadridguide.com\/wp-content\/uploads\/2023\/12\/logo_weed_madrid.jpg\",\"width\":400,\"height\":462,\"caption\":\"Weed Madrid Guide\"},\"image\":{\"@id\":\"https:\/\/weedmadridguide.com\/#\/schema\/logo\/image\/\"}}]}<\/script>\n<!-- \/ Yoast SEO plugin. -->","yoast_head_json":{"title":"Blog - Weed Madrid Guide","robots":{"index":"index","follow":"follow","max-snippet":"max-snippet:-1","max-image-preview":"max-image-preview:large","max-video-preview":"max-video-preview:-1"},"canonical":"https:\/\/weedmadridguide.com\/es\/blog\/","og_locale":"es_ES","og_type":"article","og_title":"Blog - Weed Madrid Guide","og_description":"WEED MADRID BLOG","og_url":"https:\/\/weedmadridguide.com\/es\/blog\/","og_site_name":"Weed Madrid Guide","article_modified_time":"2024-04-17T10:08:17+00:00","twitter_card":"summary_large_image","twitter_misc":{"Tiempo de lectura":"1 minuto"},"schema":{"@context":"https:\/\/schema.org","@graph":[{"@type":"WebPage","@id":"https:\/\/weedmadridguide.com\/blog\/","url":"https:\/\/weedmadridguide.com\/blog\/","name":"Blog - Weed Madrid Guide","isPartOf":{"@id":"https:\/\/weedmadridguide.com\/#website"},"datePublished":"2024-04-12T09:36:55+00:00","dateModified":"2024-04-17T10:08:17+00:00","breadcrumb":{"@id":"https:\/\/weedmadridguide.com\/blog\/#breadcrumb"},"inLanguage":"es","potentialAction":[{"@type":"ReadAction","target":["https:\/\/weedmadridguide.com\/blog\/"]}]},{"@type":"BreadcrumbList","@id":"https:\/\/weedmadridguide.com\/blog\/#breadcrumb","itemListElement":[{"@type":"ListItem","position":1,"name":"Home","item":"https:\/\/weedmadridguide.com\/"},{"@type":"ListItem","position":2,"name":"Blog"}]},{"@type":"WebSite","@id":"https:\/\/weedmadridguide.com\/#website","url":"https:\/\/weedmadridguide.com\/","name":"Weed Madrid Guide","description":"","publisher":{"@id":"https:\/\/weedmadridguide.com\/#organization"},"potentialAction":[{"@type":"SearchAction","target":{"@type":"EntryPoint","urlTemplate":"https:\/\/weedmadridguide.com\/?s={search_term_string}"},"query-input":{"@type":"PropertyValueSpecification","valueRequired":true,"valueName":"search_term_string"}}],"inLanguage":"es"},{"@type":"Organization","@id":"https:\/\/weedmadridguide.com\/#organization","name":"Weed Madrid Guide","url":"https:\/\/weedmadridguide.com\/","logo":{"@type":"ImageObject","inLanguage":"es","@id":"https:\/\/weedmadridguide.com\/#\/schema\/logo\/image\/","url":"https:\/\/weedmadridguide.com\/wp-content\/uploads\/2023\/12\/logo_weed_madrid.jpg","contentUrl":"https:\/\/weedmadridguide.com\/wp-content\/uploads\/2023\/12\/logo_weed_madrid.jpg","width":400,"height":462,"caption":"Weed Madrid Guide"},"image":{"@id":"https:\/\/weedmadridguide.com\/#\/schema\/logo\/image\/"}}]}},"_links":{"self":[{"href":"https:\/\/weedmadridguide.com\/es\/wp-json\/wp\/v2\/pages\/372","targetHints":{"allow":["GET"]}}],"collection":[{"href":"https:\/\/weedmadridguide.com\/es\/wp-json\/wp\/v2\/pages"}],"about":[{"href":"https:\/\/weedmadridguide.com\/es\/wp-json\/wp\/v2\/types\/page"}],"author":[{"embeddable":true,"href":"https:\/\/weedmadridguide.com\/es\/wp-json\/wp\/v2\/users\/1"}],"replies":[{"embeddable":true,"href":"https:\/\/weedmadridguide.com\/es\/wp-json\/wp\/v2\/comments?post=372"}],"version-history":[{"count":16,"href":"https:\/\/weedmadridguide.com\/es\/wp-json\/wp\/v2\/pages\/372\/revisions"}],"predecessor-version":[{"id":393,"href":"https:\/\/weedmadridguide.com\/es\/wp-json\/wp\/v2\/pages\/372\/revisions\/393"}],"wp:attachment":[{"href":"https:\/\/weedmadridguide.com\/es\/wp-json\/wp\/v2\/media?parent=372"}],"curies":[{"name":"wp","href":"https:\/\/api.w.org\/{rel}","templated":true}]}}